{"id":2774,"date":"2021-07-22T15:29:34","date_gmt":"2021-07-22T13:29:34","guid":{"rendered":"https:\/\/rma-tsk.de\/?page_id=2774"},"modified":"2025-07-07T09:10:35","modified_gmt":"2025-07-07T07:10:35","slug":"faberplast-kunststofftechnik","status":"publish","type":"page","link":"https:\/\/rma-tsk.de\/en\/","title":{"rendered":"RMA &#8211; TSK Kunststoffsysteme"},"content":{"rendered":"<p>[et_pb_section fb_built=&#8220;1&#8243; _builder_version=&#8220;4.19.5&#8243; background_enable_color=&#8220;off&#8220; background_image=&#8220;https:\/\/rma-tsk.de\/wp-content\/uploads\/2023\/02\/Titelbild_FERTIG-scaled.jpg&#8220; parallax=&#8220;on&#8220; height=&#8220;200px&#8220; custom_padding=&#8220;234px|0px|234px|0px|true|false&#8220; global_colors_info=&#8220;{}&#8220;][et_pb_row use_custom_gutter=&#8220;on&#8220; gutter_width=&#8220;1&#8243; _builder_version=&#8220;4.19.5&#8243; custom_margin=&#8220;-161px|||381px|false|false&#8220; custom_margin_tablet=&#8220;0px|||89px|false|false&#8220; custom_margin_phone=&#8220;|||34px|false|false&#8220; custom_margin_last_edited=&#8220;on|phone&#8220; custom_padding=&#8220;0px||0px||false|false&#8220; scroll_horizontal_motion=&#8220;0|50|50|100|0|0|1&#8243; global_colors_info=&#8220;{}&#8220;][et_pb_column type=&#8220;4_4&#8243; admin_label=&#8220;Spalte&#8220; _builder_version=&#8220;4.19.5&#8243; custom_padding=&#8220;||||false|false&#8220; global_colors_info=&#8220;{}&#8220; custom_padding__hover=&#8220;|||&#8220;][et_pb_text _builder_version=&#8220;4.19.5&#8243; text_font=&#8220;|700||on|||||&#8220; text_text_color=&#8220;#ffffff&#8220; text_font_size=&#8220;34px&#8220; text_line_height=&#8220;1.4em&#8220; header_font=&#8220;||||||||&#8220; background_color=&#8220;#383838&#8243; max_width=&#8220;700px&#8220; max_width_tablet=&#8220;100%&#8220; max_width_phone=&#8220;100%&#8220; max_width_last_edited=&#8220;on|phone&#8220; custom_padding=&#8220;18px|30px|18px|30px|true|true&#8220; animation_direction=&#8220;right&#8220; text_font_size_tablet=&#8220;&#8220; text_font_size_phone=&#8220;25px&#8220; text_font_size_last_edited=&#8220;on|phone&#8220; border_width_left=&#8220;6px&#8220; border_color_left=&#8220;gcid-3252ea57-6d4b-492b-9b07-41fbfb0b3eb2&#8243; global_colors_info=&#8220;{%22gcid-3252ea57-6d4b-492b-9b07-41fbfb0b3eb2%22:%91%22border_color_left%22%93}&#8220;]<\/p>\n<p>RMA TSK GmbH &amp; Co. KG<br \/>Plastics processing<\/p>\n<p>[\/et_pb_text][et_pb_button button_url=&#8220;#ueberuns&#8220; button_text=&#8220;Mehr dazu&#8220; button_alignment=&#8220;left&#8220; _builder_version=&#8220;4.18.0&#8243; button_border_color=&#8220;#191919&#8243; custom_margin=&#8220;||&#8220; custom_padding=&#8220;17px|30px|17px|30px|true|true&#8220; global_colors_info=&#8220;{}&#8220; button_text_color__hover_enabled=&#8220;on|desktop&#8220; button_text_color__hover=&#8220;&#8220;][\/et_pb_button][\/et_pb_column][\/et_pb_row][\/et_pb_section][et_pb_section fb_built=&#8220;1&#8243; _builder_version=&#8220;4.16&#8243; background_color=&#8220;#ededed&#8220; custom_padding=&#8220;80px|0px|80px|0px|true|false&#8220; global_colors_info=&#8220;{}&#8220;][et_pb_row column_structure=&#8220;1_3,1_3,1_3&#8243; use_custom_gutter=&#8220;on&#8220; gutter_width=&#8220;2&#8243; make_equal=&#8220;on&#8220; padding_left_right_link_2=&#8220;true&#8220; padding_left_right_link_3=&#8220;true&#8220; _builder_version=&#8220;4.16&#8243; custom_margin=&#8220;-150px||||false|false&#8220; scroll_vertical_motion_enable=&#8220;on&#8220; scroll_vertical_motion=&#8220;0|50|50|100|0.2|0|-0.5&#8243; global_colors_info=&#8220;{}&#8220;][et_pb_column type=&#8220;1_3&#8243; module_class=&#8220;box-services&#8220; _builder_version=&#8220;4.16&#8243; background_color=&#8220;#ffffff&#8220; custom_padding=&#8220;|33px|33px|33px&#8220; animation_style=&#8220;slide&#8220; animation_direction=&#8220;bottom&#8220; animation_duration=&#8220;600ms&#8220; animation_delay=&#8220;100ms&#8220; global_colors_info=&#8220;{}&#8220; custom_padding__hover=&#8220;|||&#8220;][et_pb_image src=&#8220;https:\/\/rma-tsk.de\/wp-content\/uploads\/2021\/07\/gear-white.png&#8220; title_text=&#8220;gear-white&#8220; module_class=&#8220;icon-services&#8220; _builder_version=&#8220;4.19.1&#8243; background_color=&#8220;gcid-3252ea57-6d4b-492b-9b07-41fbfb0b3eb2&#8243; max_width=&#8220;70px&#8220; custom_margin=&#8220;-10px||||false|false&#8220; custom_padding=&#8220;10px|10px|10px|10px|true|true&#8220; global_colors_info=&#8220;{%22gcid-3252ea57-6d4b-492b-9b07-41fbfb0b3eb2%22:%91%22background_color%22%93}&#8220;][\/et_pb_image][et_pb_text _builder_version=&#8220;4.19.4&#8243; text_font=&#8220;|600||on|||||&#8220; text_text_color=&#8220;#000000&#8243; text_font_size=&#8220;20px&#8220; text_line_height=&#8220;1.3em&#8220; link_font=&#8220;||||on||||solid&#8220; link_text_color=&#8220;#18BA60&#8243; header_font=&#8220;||||||||&#8220; header_3_font=&#8220;|700||on|||||&#8220; header_3_font_size=&#8220;24px&#8220; custom_margin_tablet=&#8220;-15px||15px&#8220; custom_margin_phone=&#8220;-16px||14px&#8220; custom_margin_last_edited=&#8220;on|desktop&#8220; custom_padding=&#8220;11px|||&#8220; global_colors_info=&#8220;{}&#8220;]<\/p>\n<h3>Small &amp; special series<\/h3>\n<p>[\/et_pb_text][et_pb_divider color=&#8220;gcid-3252ea57-6d4b-492b-9b07-41fbfb0b3eb2&#8243; divider_weight=&#8220;5px&#8220; _builder_version=&#8220;4.18.0&#8243; _module_preset=&#8220;default&#8220; width=&#8220;80px&#8220; global_colors_info=&#8220;{%22gcid-3252ea57-6d4b-492b-9b07-41fbfb0b3eb2%22:%91%22color%22%93}&#8220;][\/et_pb_divider][et_pb_text _builder_version=&#8220;4.16&#8243; text_font=&#8220;|300|||||||&#8220; text_text_color=&#8220;#000000&#8243; text_font_size=&#8220;15px&#8220; text_line_height=&#8220;1.8em&#8220; link_font=&#8220;||||on||||solid&#8220; link_text_color=&#8220;#18BA60&#8243; header_font=&#8220;||||||||&#8220; header_3_font_size=&#8220;26px&#8220; min_height=&#8220;180px&#8220; custom_padding=&#8220;0px|||&#8220; global_colors_info=&#8220;{}&#8220;]<\/p>\n<p>You need a manageable quantity of injection molded parts or want to order a special series? We make it possible. We accompany your project from the idea to the conception to the finished product.<\/p>\n<p>[\/et_pb_text][et_pb_button button_url=&#8220;@ET-DC@eyJkeW5hbWljIjp0cnVlLCJjb250ZW50IjoicG9zdF9saW5rX3VybF9wYWdlIiwic2V0dGluZ3MiOnsicG9zdF9pZCI6IjQ5OTY2In19@&#8220; button_text=&#8220;Mehr dazu&#8220; button_alignment=&#8220;left&#8220; _builder_version=&#8220;4.18.0&#8243; _dynamic_attributes=&#8220;button_url&#8220; button_text_color=&#8220;#000000&#8243; button_bg_color=&#8220;rgba(56,56,56,0)&#8220; button_border_width=&#8220;0px&#8220; custom_margin=&#8220;19px||&#8220; custom_padding=&#8220;0px|5px|0px|5px|true|true&#8220; global_colors_info=&#8220;{}&#8220; button_bg_color__hover=&#8220;rgba(191,191,191,0)&#8220; button_border_color__hover=&#8220;rgba(191,191,191,0)&#8220; button_border_color__hover_enabled=&#8220;on|desktop&#8220;][\/et_pb_button][\/et_pb_column][et_pb_column type=&#8220;1_3&#8243; module_class=&#8220;box-services&#8220; _builder_version=&#8220;4.16&#8243; background_color=&#8220;#ffffff&#8220; custom_padding=&#8220;|33px|33px|33px&#8220; animation_style=&#8220;slide&#8220; animation_direction=&#8220;bottom&#8220; animation_duration=&#8220;600ms&#8220; animation_delay=&#8220;100ms&#8220; global_colors_info=&#8220;{}&#8220; custom_padding__hover=&#8220;|||&#8220;][et_pb_image src=&#8220;https:\/\/rma-tsk.de\/wp-content\/uploads\/2021\/07\/industrial-process-1.png&#8220; title_text=&#8220;industrial-process&#8220; module_class=&#8220;icon-services&#8220; _builder_version=&#8220;4.18.0&#8243; background_color=&#8220;gcid-3252ea57-6d4b-492b-9b07-41fbfb0b3eb2&#8243; max_width=&#8220;70px&#8220; custom_margin=&#8220;-10px||||false|false&#8220; custom_padding=&#8220;10px|10px|10px|10px|true|true&#8220; global_colors_info=&#8220;{%22gcid-3252ea57-6d4b-492b-9b07-41fbfb0b3eb2%22:%91%22background_color%22%93}&#8220;][\/et_pb_image][et_pb_text _builder_version=&#8220;4.16&#8243; text_font=&#8220;|600||on|||||&#8220; text_text_color=&#8220;#000000&#8243; text_font_size=&#8220;20px&#8220; text_line_height=&#8220;1.3em&#8220; link_font=&#8220;||||on||||solid&#8220; link_text_color=&#8220;#18BA60&#8243; header_font=&#8220;||||||||&#8220; header_3_font=&#8220;|700||on|||||&#8220; header_3_font_size=&#8220;24px&#8220; custom_margin_tablet=&#8220;-15px||15px&#8220; custom_margin_phone=&#8220;-16px||14px&#8220; custom_margin_last_edited=&#8220;on|desktop&#8220; custom_padding=&#8220;11px|||&#8220; global_colors_info=&#8220;{}&#8220;]<\/p>\n<h3>Large series<\/h3>\n<p>[\/et_pb_text][et_pb_divider color=&#8220;gcid-3252ea57-6d4b-492b-9b07-41fbfb0b3eb2&#8243; divider_weight=&#8220;5px&#8220; _builder_version=&#8220;4.16&#8243; _module_preset=&#8220;default&#8220; width=&#8220;80px&#8220; locked=&#8220;off&#8220; global_colors_info=&#8220;{%22gcid-3252ea57-6d4b-492b-9b07-41fbfb0b3eb2%22:%91%22color%22%93}&#8220;][\/et_pb_divider][et_pb_text _builder_version=&#8220;4.16&#8243; text_font=&#8220;|300|||||||&#8220; text_text_color=&#8220;#000000&#8243; text_font_size=&#8220;15px&#8220; text_line_height=&#8220;1.8em&#8220; link_font=&#8220;||||on||||solid&#8220; link_text_color=&#8220;#18BA60&#8243; header_font=&#8220;||||||||&#8220; header_3_font_size=&#8220;26px&#8220; min_height=&#8220;180px&#8220; custom_padding=&#8220;0px|||&#8220; global_colors_info=&#8220;{}&#8220;]<\/p>\n<p>Our versatile, modern machine park is always capable of implementing large series productions. The range of possible clamping forces extends from 50 to 2000 tons.<\/p>\n<p>[\/et_pb_text][et_pb_button button_url=&#8220;@ET-DC@eyJkeW5hbWljIjp0cnVlLCJjb250ZW50IjoicG9zdF9saW5rX3VybF9wYWdlIiwic2V0dGluZ3MiOnsicG9zdF9pZCI6IjQ5OTY2In19@&#8220; button_text=&#8220;Mehr dazu&#8220; button_alignment=&#8220;left&#8220; _builder_version=&#8220;4.16&#8243; _dynamic_attributes=&#8220;button_url&#8220; button_text_color=&#8220;#000000&#8243; button_bg_color=&#8220;rgba(56,56,56,0)&#8220; button_border_width=&#8220;0px&#8220; custom_margin=&#8220;19px||&#8220; custom_padding=&#8220;0px|5px|0px|5px|true|true&#8220; global_colors_info=&#8220;{}&#8220; button_bg_color__hover=&#8220;rgba(191,191,191,0)&#8220; button_border_color__hover=&#8220;rgba(191,191,191,0)&#8220;][\/et_pb_button][\/et_pb_column][et_pb_column type=&#8220;1_3&#8243; module_class=&#8220;box-services&#8220; _builder_version=&#8220;4.16&#8243; background_color=&#8220;#ffffff&#8220; custom_padding=&#8220;|33px|33px|33px&#8220; animation_style=&#8220;slide&#8220; animation_direction=&#8220;bottom&#8220; animation_duration=&#8220;600ms&#8220; animation_delay=&#8220;100ms&#8220; global_colors_info=&#8220;{}&#8220; custom_padding__hover=&#8220;|||&#8220;][et_pb_image src=&#8220;https:\/\/rma-tsk.de\/wp-content\/uploads\/2021\/07\/warehouse.png&#8220; title_text=&#8220;warehouse&#8220; module_class=&#8220;icon-services&#8220; _builder_version=&#8220;4.18.0&#8243; background_color=&#8220;gcid-3252ea57-6d4b-492b-9b07-41fbfb0b3eb2&#8243; max_width=&#8220;70px&#8220; custom_margin=&#8220;-10px||||false|false&#8220; custom_padding=&#8220;10px|10px|10px|10px|true|true&#8220; global_colors_info=&#8220;{%22gcid-3252ea57-6d4b-492b-9b07-41fbfb0b3eb2%22:%91%22background_color%22%93}&#8220;][\/et_pb_image][et_pb_text _builder_version=&#8220;4.19.4&#8243; text_font=&#8220;|600||on|||||&#8220; text_text_color=&#8220;#000000&#8243; text_font_size=&#8220;20px&#8220; text_line_height=&#8220;1.3em&#8220; link_font=&#8220;||||on||||solid&#8220; link_text_color=&#8220;#18BA60&#8243; header_font=&#8220;||||||||&#8220; header_3_font=&#8220;|700||on|||||&#8220; header_3_font_size=&#8220;24px&#8220; custom_margin_tablet=&#8220;-15px||15px&#8220; custom_margin_phone=&#8220;-16px||14px&#8220; custom_margin_last_edited=&#8220;on|desktop&#8220; custom_padding=&#8220;11px|||&#8220; global_colors_info=&#8220;{}&#8220;]<\/p>\n<h3>Special plant engineering<\/h3>\n<p>[\/et_pb_text][et_pb_divider color=&#8220;gcid-3252ea57-6d4b-492b-9b07-41fbfb0b3eb2&#8243; divider_weight=&#8220;5px&#8220; _builder_version=&#8220;4.16&#8243; _module_preset=&#8220;default&#8220; width=&#8220;80px&#8220; locked=&#8220;off&#8220; global_colors_info=&#8220;{%22gcid-3252ea57-6d4b-492b-9b07-41fbfb0b3eb2%22:%91%22color%22%93}&#8220;][\/et_pb_divider][et_pb_text _builder_version=&#8220;4.19.4&#8243; text_font=&#8220;|300|||||||&#8220; text_text_color=&#8220;#000000&#8243; text_font_size=&#8220;15px&#8220; text_line_height=&#8220;1.8em&#8220; link_font=&#8220;||||on||||solid&#8220; link_text_color=&#8220;#18BA60&#8243; header_font=&#8220;||||||||&#8220; header_3_font_size=&#8220;26px&#8220; min_height=&#8220;180px&#8220; custom_padding=&#8220;0px|||&#8220; global_colors_info=&#8220;{}&#8220;]Wir sind auch auf Wunsch Ihr kompetenter Partner f\u00fcr Sonderanlagenbau.<br \/>\nUnseren Experten der RMA-TSK stehen Ihnen f\u00fcr individuelle L\u00f6sungen mit h\u00f6chster Automatisierungstechnik, z.B. f\u00fcr Baugruppenmontage oder Klebekonstruktionen, zur Verf\u00fcgung.[\/et_pb_text][et_pb_button button_url=&#8220;@ET-DC@eyJkeW5hbWljIjp0cnVlLCJjb250ZW50IjoicG9zdF9saW5rX3VybF9wYWdlIiwic2V0dGluZ3MiOnsicG9zdF9pZCI6IjQ5OTY2In19@&#8220; button_text=&#8220;Mehr dazu&#8220; button_alignment=&#8220;left&#8220; _builder_version=&#8220;4.16&#8243; _dynamic_attributes=&#8220;button_url&#8220; button_text_color=&#8220;#000000&#8243; button_bg_color=&#8220;rgba(56,56,56,0)&#8220; button_border_width=&#8220;0px&#8220; custom_margin=&#8220;19px||&#8220; custom_padding=&#8220;0px|5px|0px|5px|true|true&#8220; global_colors_info=&#8220;{}&#8220; button_bg_color__hover=&#8220;rgba(191,191,191,0)&#8220; button_border_color__hover=&#8220;rgba(191,191,191,0)&#8220;][\/et_pb_button][\/et_pb_column][\/et_pb_row][\/et_pb_section][et_pb_section fb_built=&#8220;1&#8243; module_id=&#8220;ueberuns&#8220; _builder_version=&#8220;4.16&#8243; custom_padding=&#8220;80px|0px|80px|0px|true|false&#8220; global_colors_info=&#8220;{}&#8220;][et_pb_row column_structure=&#8220;1_2,1_2&#8243; _builder_version=&#8220;4.16&#8243; custom_padding=&#8220;|0px||0px|true|false&#8220; global_colors_info=&#8220;{}&#8220;][et_pb_column type=&#8220;1_2&#8243; _builder_version=&#8220;4.16&#8243; custom_padding=&#8220;|||&#8220; global_colors_info=&#8220;{}&#8220; custom_padding__hover=&#8220;|||&#8220;][et_pb_image src=&#8220;https:\/\/rma-tsk.de\/wp-content\/uploads\/2021\/07\/industrial-510-4.png&#8220; title_text=&#8220;industrial-510-4&#8243; align_tablet=&#8220;center&#8220; align_phone=&#8220;&#8220; align_last_edited=&#8220;on|desktop&#8220; _builder_version=&#8220;4.18.0&#8243; scroll_vertical_motion_enable=&#8220;on&#8220; scroll_vertical_motion=&#8220;0|50|50|100|0.8|0|-0.8&#8243; global_colors_info=&#8220;{}&#8220;][\/et_pb_image][et_pb_image src=&#8220;https:\/\/rma-tsk.de\/wp-content\/uploads\/2021\/07\/faberplast26.jpg&#8220; title_text=&#8220;faberplast26&#8243; align_tablet=&#8220;center&#8220; align_phone=&#8220;&#8220; align_last_edited=&#8220;on|desktop&#8220; _builder_version=&#8220;4.19.5&#8243; positioning=&#8220;absolute&#8220; vertical_offset=&#8220;-60px&#8220; horizontal_offset=&#8220;-60px&#8220; width=&#8220;100%&#8220; custom_margin=&#8220;||||false|false&#8220; scroll_vertical_motion_enable=&#8220;on&#8220; scroll_vertical_motion=&#8220;0|50|50|100|0.5|0|-0.5&#8243; box_shadow_style=&#8220;preset1&#8243; box_shadow_vertical=&#8220;0px&#8220; box_shadow_blur=&#8220;17px&#8220; global_colors_info=&#8220;{}&#8220;][\/et_pb_image][\/et_pb_column][et_pb_column type=&#8220;1_2&#8243; _builder_version=&#8220;4.16&#8243; custom_padding=&#8220;|||&#8220; animation_style=&#8220;slide&#8220; animation_direction=&#8220;right&#8220; animation_duration=&#8220;600ms&#8220; animation_delay=&#8220;100ms&#8220; global_colors_info=&#8220;{}&#8220; custom_padding__hover=&#8220;|||&#8220;][et_pb_text _builder_version=&#8220;4.18.0&#8243; text_font=&#8220;||||||||&#8220; header_font=&#8220;|700||on|||||&#8220; header_text_color=&#8220;#000000&#8243; header_line_height=&#8220;1.2em&#8220; header_2_font=&#8220;|700||on|||||&#8220; header_2_font_size=&#8220;55px&#8220; custom_padding=&#8220;|||5px|false|false&#8220; header_font_size_tablet=&#8220;&#8220; header_font_size_phone=&#8220;25px&#8220; header_font_size_last_edited=&#8220;on|phone&#8220; border_color_all=&#8220;gcid-3252ea57-6d4b-492b-9b07-41fbfb0b3eb2&#8243; border_width_left=&#8220;6px&#8220; global_colors_info=&#8220;{%22gcid-3252ea57-6d4b-492b-9b07-41fbfb0b3eb2%22:%91%22border_color_all%22%93}&#8220;]<\/p>\n<h2>About us<\/h2>\n<p>[\/et_pb_text][et_pb_text _builder_version=&#8220;4.18.0&#8243; text_font=&#8220;||||||||&#8220; text_text_color=&#8220;#000000&#8243; text_font_size=&#8220;18px&#8220; text_line_height=&#8220;1.8em&#8220; header_font=&#8220;||||||||&#8220; header_text_color=&#8220;#3c1c20&#8243; header_font_size=&#8220;47px&#8220; header_line_height=&#8220;1.2em&#8220; custom_margin=&#8220;-28px||&#8220; global_colors_info=&#8220;{}&#8220;]<\/p>\n<p>Founded almost 30 years ago in S\u00f6mmerda, RMA -TSK GmbH &amp; Co. KG enjoys an excellent reputation on the international market as a specialist in plastics processing for injection molding technology.<\/p>\n<p>[\/et_pb_text][et_pb_text _builder_version=&#8220;4.19.2&#8243; text_font=&#8220;|300|||||||&#8220; text_text_color=&#8220;#000000&#8243; text_font_size=&#8220;15px&#8220; text_line_height=&#8220;1.8em&#8220; header_font=&#8220;||||||||&#8220; header_text_color=&#8220;#3c1c20&#8243; header_font_size=&#8220;47px&#8220; header_line_height=&#8220;1.2em&#8220; custom_margin=&#8220;-12px||&#8220; global_colors_info=&#8220;{}&#8220;]<\/p>\n<p>The high reputation is the result of a strong team of toolmakers, process mechanics, design engineers and production staff. Qualification, creativity and motivation come together here and ensure high-performance products in a constant exchange with customers.<\/p>\n<p>The computer-controlled machine park comprises a good three dozen injection molding machines with clamping forces ranging from 50 to 2000 tons, most of which are equipped with demolding devices.<\/p>\n<p><span style=\"color: #000000;\">With over 20 locations throughout Germany, RMA-TSK Kunststoffsysteme GmbH &amp; Co KG is a leading supplier to the automotive, railroad, and household appliance industries....<\/span> In this way, orders that are very large in terms of quantity, but also very demanding in terms of quality, can be processed faster and at a higher level in a network. The range of technical services offered is unique in the world of small, special and large series in injection molding.<\/p>\n<p>Certainly one of the reasons why RMA-TSK Kunststoffsysteme GmbH &amp; Co KG in S\u00f6mmerda convinces with excellent values in terms of customer satisfaction.<\/p>\n<p>[\/et_pb_text][et_pb_button button_url=&#8220;@ET-DC@eyJkeW5hbWljIjp0cnVlLCJjb250ZW50IjoicG9zdF9saW5rX3VybF9wYWdlIiwic2V0dGluZ3MiOnsicG9zdF9pZCI6IjQ5OTc3In19@&#8220; button_text=&#8220;Mehr dazu&#8220; _builder_version=&#8220;4.16&#8243; _dynamic_attributes=&#8220;button_url&#8220; global_colors_info=&#8220;{}&#8220;][\/et_pb_button][\/et_pb_column][\/et_pb_row][\/et_pb_section][et_pb_section fb_built=&#8220;1&#8243; _builder_version=&#8220;4.19.4&#8243; _module_preset=&#8220;default&#8220; background_image=&#8220;https:\/\/rma-tsk.de\/wp-content\/uploads\/2022\/12\/grossserien-1024&#215;655-1.jpg&#8220; parallax=&#8220;on&#8220; parallax_method=&#8220;off&#8220; min_height=&#8220;500px&#8220; custom_padding=&#8220;0px||0px||true|false&#8220; box_shadow_style=&#8220;preset6&#8243; global_colors_info=&#8220;{}&#8220;][et_pb_row column_structure=&#8220;1_3,1_3,1_3&#8243; _builder_version=&#8220;4.18.0&#8243; _module_preset=&#8220;default&#8220; background_color=&#8220;rgba(0,0,0,0.63)&#8220; width=&#8220;100%&#8220; max_width=&#8220;none&#8220; height=&#8220;500px&#8220; custom_margin=&#8220;0px||0px||true|false&#8220; custom_padding=&#8220;6.5%|10%||10%|false|true&#8220; global_colors_info=&#8220;{}&#8220;][et_pb_column type=&#8220;1_3&#8243; _builder_version=&#8220;4.16&#8243; _module_preset=&#8220;default&#8220; custom_padding=&#8220;20px||20px||true|false&#8220; global_colors_info=&#8220;{}&#8220; background__hover_enabled=&#8220;off|desktop&#8220; background_color__hover=&#8220;#3a3a3a&#8220; background_enable_color__hover=&#8220;on&#8220;][et_pb_icon font_icon=&#8220;&#xe031;||divi||400&#8243; icon_color=&#8220;#FFFFFF&#8220; icon_width=&#8220;68px&#8220; _builder_version=&#8220;4.18.0&#8243; _module_preset=&#8220;default&#8220; global_colors_info=&#8220;{}&#8220;][\/et_pb_icon][et_pb_text _builder_version=&#8220;4.16&#8243; text_font=&#8220;|700|||||||&#8220; text_text_color=&#8220;#FFFFFF&#8220; text_font_size=&#8220;35px&#8220; text_line_height=&#8220;1.6em&#8220; text_orientation=&#8220;center&#8220; custom_margin=&#8220;0px||||false|false&#8220; custom_padding=&#8220;0px|||||&#8220; global_colors_info=&#8220;{}&#8220;]<\/p>\n<p>Delivery reliability<\/p>\n<p>[\/et_pb_text][\/et_pb_column][et_pb_column type=&#8220;1_3&#8243; _builder_version=&#8220;4.16&#8243; _module_preset=&#8220;default&#8220; custom_padding=&#8220;20px||20px||true|false&#8220; global_colors_info=&#8220;{}&#8220; background_color__hover=&#8220;#3a3a3a&#8220; background__hover_enabled=&#8220;off|desktop&#8220; background_enable_color__hover=&#8220;on&#8220;][et_pb_icon font_icon=&#8220;&#xe031;||divi||400&#8243; icon_color=&#8220;#FFFFFF&#8220; icon_width=&#8220;68px&#8220; _builder_version=&#8220;4.18.0&#8243; _module_preset=&#8220;default&#8220; global_colors_info=&#8220;{}&#8220;][\/et_pb_icon][et_pb_text _builder_version=&#8220;4.16&#8243; text_font=&#8220;|700|||||||&#8220; text_text_color=&#8220;#FFFFFF&#8220; text_font_size=&#8220;35px&#8220; text_line_height=&#8220;1.6em&#8220; text_orientation=&#8220;center&#8220; custom_margin=&#8220;0px||||false|false&#8220; custom_padding=&#8220;0px|||||&#8220; global_colors_info=&#8220;{}&#8220;]<\/p>\n<p>The highest quality standards<\/p>\n<p>[\/et_pb_text][\/et_pb_column][et_pb_column type=&#8220;1_3&#8243; _builder_version=&#8220;4.16&#8243; _module_preset=&#8220;default&#8220; custom_padding=&#8220;20px||20px||true|false&#8220; global_colors_info=&#8220;{}&#8220; background_color__hover=&#8220;#3a3a3a&#8220; background__hover_enabled=&#8220;off|desktop&#8220; background_enable_color__hover=&#8220;on&#8220;][et_pb_icon font_icon=&#8220;&#xe031;||divi||400&#8243; icon_color=&#8220;#FFFFFF&#8220; icon_width=&#8220;68px&#8220; _builder_version=&#8220;4.18.0&#8243; _module_preset=&#8220;default&#8220; global_colors_info=&#8220;{}&#8220;][\/et_pb_icon][et_pb_text _builder_version=&#8220;4.16&#8243; text_font=&#8220;|700|||||||&#8220; text_text_color=&#8220;#FFFFFF&#8220; text_font_size=&#8220;35px&#8220; text_line_height=&#8220;1.6em&#8220; text_orientation=&#8220;center&#8220; custom_margin=&#8220;0px||||false|false&#8220; custom_padding=&#8220;0px|||||&#8220; global_colors_info=&#8220;{}&#8220;]<\/p>\n<p>Excellence<\/p>\n<p>[\/et_pb_text][\/et_pb_column][\/et_pb_row][\/et_pb_section][et_pb_section fb_built=&#8220;1&#8243; _builder_version=&#8220;4.19.5&#8243; background_color=&#8220;#FFFFFF&#8220; custom_padding=&#8220;|0px||0px|true|false&#8220; global_colors_info=&#8220;{}&#8220;][et_pb_row column_structure=&#8220;1_3,1_3,1_3&#8243; _builder_version=&#8220;4.19.5&#8243; custom_padding=&#8220;|0px||0px|false|false&#8220; global_colors_info=&#8220;{}&#8220;][et_pb_column type=&#8220;1_3&#8243; _builder_version=&#8220;4.16&#8243; custom_padding=&#8220;|||&#8220; global_colors_info=&#8220;{}&#8220; custom_padding__hover=&#8220;|||&#8220;][et_pb_text _builder_version=&#8220;4.18.0&#8243; text_font=&#8220;||||||||&#8220; header_font=&#8220;|700||on|||||&#8220; header_text_color=&#8220;#000000&#8243; header_line_height=&#8220;1.2em&#8220; header_2_font=&#8220;|700||on|||||&#8220; header_2_font_size=&#8220;55px&#8220; custom_padding=&#8220;|||5px|false|false&#8220; header_font_size_tablet=&#8220;&#8220; header_font_size_phone=&#8220;25px&#8220; header_font_size_last_edited=&#8220;on|phone&#8220; border_color_all=&#8220;gcid-3252ea57-6d4b-492b-9b07-41fbfb0b3eb2&#8243; border_width_left=&#8220;6px&#8220; global_colors_info=&#8220;{%22gcid-3252ea57-6d4b-492b-9b07-41fbfb0b3eb2%22:%91%22border_color_all%22%93}&#8220;]<\/p>\n<h2>Start your next project with us!<\/h2>\n<p>[\/et_pb_text][\/et_pb_column][et_pb_column type=&#8220;1_3&#8243; _builder_version=&#8220;4.16&#8243; custom_padding=&#8220;|||&#8220; global_colors_info=&#8220;{}&#8220; custom_padding__hover=&#8220;|||&#8220;][et_pb_text _builder_version=&#8220;4.19.2&#8243; text_font=&#8220;|300|||||||&#8220; text_text_color=&#8220;#000000&#8243; text_font_size=&#8220;15px&#8220; text_line_height=&#8220;1.8em&#8220; header_font=&#8220;||||||||&#8220; custom_margin=&#8220;-2px|||&#8220; global_colors_info=&#8220;{}&#8220;]<\/p>\n<p><span style=\"color: #000000;\">We are good - and in being good, we are also fast. Our promise is a prompt and reliable execution of orders of large, medium and small series. But we are also able to carry out spare parts production with a narrow feedback time window, which we can promise you already today on request. Furthermore, we still carry out any sampling for customer tools.<\/span><\/p>\n<p>[\/et_pb_text][\/et_pb_column][et_pb_column type=&#8220;1_3&#8243; _builder_version=&#8220;4.16&#8243; custom_padding=&#8220;|||&#8220; global_colors_info=&#8220;{}&#8220; custom_padding__hover=&#8220;|||&#8220;][et_pb_button button_url=&#8220;@ET-DC@eyJkeW5hbWljIjp0cnVlLCJjb250ZW50IjoicG9zdF9saW5rX3VybF9wYWdlIiwic2V0dGluZ3MiOnsicG9zdF9pZCI6IjQ5OTcyIn19@&#8220; button_text=&#8220;Jetzt Kontakt aufnehmen&#8220; button_alignment=&#8220;right&#8220; _builder_version=&#8220;4.20.0&#8243; _dynamic_attributes=&#8220;button_url&#8220; button_font=&#8220;|||on|||||&#8220; custom_margin=&#8220;||&#8220; custom_padding=&#8220;17px|30px|17px|30px|true|true&#8220; locked=&#8220;off&#8220; global_colors_info=&#8220;{}&#8220;][\/et_pb_button][\/et_pb_column][\/et_pb_row][\/et_pb_section]<\/p>","protected":false},"excerpt":{"rendered":"<p>RMA TSK GmbH &amp; Co. KGKunststoffverarbeitungKlein &amp; SonderserienSie ben\u00f6tigen eine \u00fcberschaubare Menge an Spritzgussteilen oder wollen eine Sonderserie in Auftrag geben? Wir machen es m\u00f6glich. Dabei begleiten wir Ihr Projekt von der Idee \u00fcber die Konzeption bis zum fertigen Produkt.Gro\u00dfe SerienUnser vielseitiger, modern aufgestellter Maschinenpark ist jederzeit in der Lage, gro\u00dfe Serienproduktionen umzusetzen. Die Bandbreite [&hellip;]<\/p>","protected":false},"author":2,"featured_media":0,"parent":0,"menu_order":0,"comment_status":"closed","ping_status":"closed","template":"","meta":{"_et_pb_use_builder":"on","_et_pb_old_content":"","_et_gb_content_width":"","footnotes":""},"class_list":["post-2774","page","type-page","status-publish","hentry"],"_links":{"self":[{"href":"https:\/\/rma-tsk.de\/en\/wp-json\/wp\/v2\/pages\/2774","targetHints":{"allow":["GET"]}}],"collection":[{"href":"https:\/\/rma-tsk.de\/en\/wp-json\/wp\/v2\/pages"}],"about":[{"href":"https:\/\/rma-tsk.de\/en\/wp-json\/wp\/v2\/types\/page"}],"author":[{"embeddable":true,"href":"https:\/\/rma-tsk.de\/en\/wp-json\/wp\/v2\/users\/2"}],"replies":[{"embeddable":true,"href":"https:\/\/rma-tsk.de\/en\/wp-json\/wp\/v2\/comments?post=2774"}],"version-history":[{"count":133,"href":"https:\/\/rma-tsk.de\/en\/wp-json\/wp\/v2\/pages\/2774\/revisions"}],"predecessor-version":[{"id":50933,"href":"https:\/\/rma-tsk.de\/en\/wp-json\/wp\/v2\/pages\/2774\/revisions\/50933"}],"wp:attachment":[{"href":"https:\/\/rma-tsk.de\/en\/wp-json\/wp\/v2\/media?parent=2774"}],"curies":[{"name":"wp","href":"https:\/\/api.w.org\/{rel}","templated":true}]}}