{"id":49970,"date":"2021-07-22T18:59:10","date_gmt":"2021-07-22T16:59:10","guid":{"rendered":"https:\/\/rma-tsk.de\/?page_id=49970"},"modified":"2023-12-22T10:36:26","modified_gmt":"2023-12-22T09:36:26","slug":"karriere","status":"publish","type":"page","link":"https:\/\/rma-tsk.de\/en\/karriere\/","title":{"rendered":"Career"},"content":{"rendered":"<p>[et_pb_section fb_built=&#8220;1&#8243; _builder_version=&#8220;4.19.5&#8243; use_background_color_gradient=&#8220;on&#8220; background_color_gradient_direction=&#8220;130deg&#8220; background_color_gradient_stops=&#8220;rgba(237,237,237,0.3) 50%|rgba(56,56,56,0.7) 50%&#8220; background_color_gradient_overlays_image=&#8220;on&#8220; background_color_gradient_start=&#8220;rgba(237,237,237,0.3)&#8220; background_color_gradient_start_position=&#8220;50%&#8220; background_color_gradient_end=&#8220;rgba(56,56,56,0.7)&#8220; background_color_gradient_end_position=&#8220;0%&#8220; background_image=&#8220;https:\/\/rma-tsk.de\/wp-content\/uploads\/2022\/08\/Bild1_remastered_16zu9.jpg&#8220; custom_padding=&#8220;120px|0px|120px|0px|true|false&#8220; locked=&#8220;off&#8220; global_colors_info=&#8220;{}&#8220;][et_pb_row column_structure=&#8220;3_4,1_4&#8243; _builder_version=&#8220;4.16&#8243; global_colors_info=&#8220;{}&#8220;][et_pb_column type=&#8220;3_4&#8243; _builder_version=&#8220;4.16&#8243; custom_padding=&#8220;|||&#8220; global_colors_info=&#8220;{}&#8220; custom_padding__hover=&#8220;|||&#8220;][et_pb_text _builder_version=&#8220;4.16&#8243; text_font=&#8220;|300|||||||&#8220; text_text_color=&#8220;#000000&#8243; text_font_size=&#8220;20px&#8220; header_font=&#8220;Poppins|700|||||||&#8220; header_text_color=&#8220;#000000&#8243; header_font_size=&#8220;40px&#8220; header_line_height=&#8220;1.4em&#8220; background_color=&#8220;#ededed&#8220; custom_padding=&#8220;40px|40px|40px|40px|true|false&#8220; text_font_size_tablet=&#8220;&#8220; text_font_size_phone=&#8220;19px&#8220; text_font_size_last_edited=&#8220;on|phone&#8220; header_font_size_tablet=&#8220;&#8220; header_font_size_phone=&#8220;25px&#8220; header_font_size_last_edited=&#8220;on|phone&#8220; box_shadow_style=&#8220;preset1&#8243; global_colors_info=&#8220;{}&#8220;]<\/p>\n<h1>Career<\/h1>\n<p>[\/et_pb_text][\/et_pb_column][et_pb_column type=&#8220;1_4&#8243; _builder_version=&#8220;4.16&#8243; custom_padding=&#8220;|||&#8220; global_colors_info=&#8220;{}&#8220; custom_padding__hover=&#8220;|||&#8220;][\/et_pb_column][\/et_pb_row][\/et_pb_section][et_pb_section fb_built=&#8220;1&#8243; _builder_version=&#8220;4.16&#8243; custom_padding=&#8220;80px|0px|80px|0px|true|false&#8220; global_colors_info=&#8220;{}&#8220;][et_pb_row _builder_version=&#8220;4.16&#8243; custom_padding=&#8220;27px|0px|24px|0px|false|false&#8220; locked=&#8220;off&#8220; global_colors_info=&#8220;{}&#8220;][et_pb_column type=&#8220;4_4&#8243; _builder_version=&#8220;4.16&#8243; custom_padding=&#8220;|||&#8220; global_colors_info=&#8220;{}&#8220; custom_padding__hover=&#8220;|||&#8220;][et_pb_text _builder_version=&#8220;4.18.0&#8243; text_font=&#8220;||||||||&#8220; header_font=&#8220;|700||on|||||&#8220; header_text_color=&#8220;#000000&#8243; header_line_height=&#8220;1.2em&#8220; header_2_font=&#8220;|700||on|||||&#8220; header_2_text_align=&#8220;center&#8220; header_2_font_size=&#8220;55px&#8220; custom_margin=&#8220;||-4px|||&#8220; custom_padding=&#8220;|||5px|false|false&#8220; header_font_size_tablet=&#8220;&#8220; header_font_size_phone=&#8220;25px&#8220; header_font_size_last_edited=&#8220;on|phone&#8220; border_color_all=&#8220;#ad007c&#8220; global_colors_info=&#8220;{}&#8220;]<\/p>\n<h2>Working at RMA -TSK<\/h2>\n<p>[\/et_pb_text][et_pb_divider color=&#8220;gcid-3252ea57-6d4b-492b-9b07-41fbfb0b3eb2&#8243; divider_weight=&#8220;6px&#8220; _builder_version=&#8220;4.19.2&#8243; _module_preset=&#8220;default&#8220; width=&#8220;150px&#8220; module_alignment=&#8220;center&#8220; locked=&#8220;off&#8220; global_colors_info=&#8220;{%22gcid-3252ea57-6d4b-492b-9b07-41fbfb0b3eb2%22:%91%22color%22%93}&#8220;][\/et_pb_divider][\/et_pb_column][\/et_pb_row][\/et_pb_section][et_pb_section fb_built=&#8220;1&#8243; specialty=&#8220;on&#8220; custom_padding_last_edited=&#8220;on|desktop&#8220; background_color_2=&#8220;#ededed&#8220; padding_top_1=&#8220;0px&#8220; padding_top_2=&#8220;0px&#8220; padding_right_1=&#8220;0px&#8220; padding_right_2=&#8220;0px&#8220; padding_bottom_1=&#8220;0px&#8220; padding_bottom_2=&#8220;0px&#8220; padding_left_1=&#8220;0px&#8220; padding_left_2=&#8220;0px&#8220; padding_top_bottom_link_1=&#8220;true&#8220; padding_top_bottom_link_2=&#8220;true&#8220; padding_left_right_link_1=&#8220;true&#8220; padding_left_right_link_2=&#8220;true&#8220; disabled_on=&#8220;off|off|off&#8220; _builder_version=&#8220;4.19.5&#8243; use_background_color_gradient=&#8220;on&#8220; background_color_gradient_direction=&#8220;90deg&#8220; background_color_gradient_stops=&#8220;rgba(56,56,56,0) 50%|#ededed 50%&#8220; background_color_gradient_overlays_image=&#8220;on&#8220; background_color_gradient_start=&#8220;rgba(56,56,56,0)&#8220; background_color_gradient_start_position=&#8220;50%&#8220; background_color_gradient_end=&#8220;#ededed&#8220; background_color_gradient_end_position=&#8220;0%&#8220; background_image=&#8220;https:\/\/rma-tsk.de\/wp-content\/uploads\/2021\/11\/thisisengineering-raeng-bIltCMXIwRE-unsplash-scaled.jpg&#8220; background_size=&#8220;contain&#8220; background_position=&#8220;center_left&#8220; custom_padding=&#8220;110px|0px|110px|0px|true|false&#8220; custom_padding_tablet=&#8220;&#8220; custom_padding_phone=&#8220;0px||0px||true|true&#8220; background_last_edited=&#8220;on|phone&#8220; use_background_color_gradient_phone=&#8220;off&#8220; background_enable_image_phone=&#8220;off&#8220; global_colors_info=&#8220;{}&#8220;][et_pb_column type=&#8220;1_2&#8243; _builder_version=&#8220;4.16&#8243; custom_padding=&#8220;|||&#8220; global_colors_info=&#8220;{}&#8220; parallax__hover=&#8220;off&#8220; parallax_method__hover=&#8220;on&#8220; custom_padding__hover=&#8220;|||&#8220;][et_pb_image _builder_version=&#8220;4.16&#8243; _module_preset=&#8220;default&#8220; global_colors_info=&#8220;{}&#8220;][\/et_pb_image][\/et_pb_column][et_pb_column type=&#8220;1_2&#8243; specialty_columns=&#8220;2&#8243; _builder_version=&#8220;4.16&#8243; custom_padding=&#8220;|||&#8220; global_colors_info=&#8220;{}&#8220; parallax__hover=&#8220;off&#8220; parallax_method__hover=&#8220;on&#8220; custom_padding__hover=&#8220;|||&#8220;][et_pb_row_inner custom_padding_last_edited=&#8220;on|desktop&#8220; _builder_version=&#8220;4.16&#8243; custom_padding=&#8220;|||38px&#8220; custom_padding_tablet=&#8220;90px||&#8220; custom_padding_phone=&#8220;60px||&#8220; global_colors_info=&#8220;{}&#8220;][et_pb_column_inner saved_specialty_column_type=&#8220;1_2&#8243; _builder_version=&#8220;4.16&#8243; custom_padding=&#8220;|||&#8220; global_colors_info=&#8220;{}&#8220; parallax__hover=&#8220;off&#8220; parallax_method__hover=&#8220;on&#8220; custom_padding__hover=&#8220;|||&#8220;][et_pb_text _builder_version=&#8220;4.19.2&#8243; text_font=&#8220;||||||||&#8220; header_font=&#8220;|700||on|||||&#8220; header_text_color=&#8220;#000000&#8243; header_line_height=&#8220;1.2em&#8220; header_2_font=&#8220;|700||on|||||&#8220; header_2_font_size=&#8220;55px&#8220; custom_margin=&#8220;||20px||false|false&#8220; custom_padding=&#8220;|||5px|false|false&#8220; header_font_size_tablet=&#8220;&#8220; header_font_size_phone=&#8220;25px&#8220; header_font_size_last_edited=&#8220;on|phone&#8220; border_color_all=&#8220;gcid-3252ea57-6d4b-492b-9b07-41fbfb0b3eb2&#8243; border_width_left=&#8220;6px&#8220; global_colors_info=&#8220;{%22gcid-3252ea57-6d4b-492b-9b07-41fbfb0b3eb2%22:%91%22border_color_all%22%93}&#8220;]<\/p>\n<h2>Become part of the RMA -TSK team<\/h2>\n<p>[\/et_pb_text][et_pb_text _builder_version=&#8220;4.19.2&#8243; text_font=&#8220;|300|||||||&#8220; text_text_color=&#8220;#000000&#8243; max_width_tablet=&#8220;80%&#8220; max_width_phone=&#8220;80%&#8220; max_width_last_edited=&#8220;off|desktop&#8220; module_alignment=&#8220;center&#8220; custom_margin=&#8220;||||false|false&#8220; custom_padding=&#8220;0px||&#8220; global_colors_info=&#8220;{}&#8220;]<\/p>\n<p><span style=\"color: #000000;\">As a responsible industrial company, we offer our selected applicants an internship here at our branch in S\u00f6mmerda.  Should the need for further training arise, we do not hesitate to pay for it financially. In case of an arduous commute, we can provide company housing at a reasonable price. In addition, we also offer retraining in a shortened or complete form upon request.<\/span><\/p>\n<p>[\/et_pb_text][\/et_pb_column_inner][\/et_pb_row_inner][et_pb_row_inner custom_padding_last_edited=&#8220;on|desktop&#8220; _builder_version=&#8220;4.16&#8243; custom_padding=&#8220;||0px|38px&#8220; custom_padding_tablet=&#8220;||44px&#8220; custom_padding_phone=&#8220;||60px&#8220; global_colors_info=&#8220;{}&#8220;][et_pb_column_inner saved_specialty_column_type=&#8220;1_2&#8243; _builder_version=&#8220;4.16&#8243; custom_padding=&#8220;|||&#8220; global_colors_info=&#8220;{}&#8220; parallax__hover=&#8220;off&#8220; parallax_method__hover=&#8220;on&#8220; custom_padding__hover=&#8220;|||&#8220;][et_pb_number_counter title=&#8220;Offene Stellen&#8220; number=&#8220;4&#8243; percent_sign=&#8220;off&#8220; _builder_version=&#8220;4.19.5&#8243; title_font=&#8220;|600|||||||&#8220; title_text_align=&#8220;center&#8220; title_text_color=&#8220;#000000&#8243; title_font_size=&#8220;22px&#8220; title_line_height=&#8220;1.8em&#8220; number_font=&#8220;|700|||||||&#8220; number_text_align=&#8220;center&#8220; number_text_color=&#8220;#000000&#8243; global_colors_info=&#8220;{}&#8220;][\/et_pb_number_counter][\/et_pb_column_inner][\/et_pb_row_inner][\/et_pb_column][\/et_pb_section][et_pb_section fb_built=&#8220;1&#8243; _builder_version=&#8220;4.19.5&#8243; background_color=&#8220;#ffffff&#8220; custom_padding=&#8220;80px||80px||true|false&#8220; animation_style=&#8220;fade&#8220; global_colors_info=&#8220;{}&#8220;][et_pb_row column_structure=&#8220;1_4,1_4,1_4,1_4&#8243; use_custom_gutter=&#8220;on&#8220; gutter_width=&#8220;2&#8243; _builder_version=&#8220;4.19.5&#8243; width=&#8220;100%&#8220; max_width=&#8220;1800px&#8220; global_colors_info=&#8220;{}&#8220;][et_pb_column type=&#8220;1_4&#8243; _builder_version=&#8220;4.19.5&#8243; custom_padding=&#8220;|||&#8220; link_option_url=&#8220;https:\/\/rma-tsk.de\/wp-content\/uploads\/2023\/02\/Stellenanzeige_IndustriekaufmannAzubi_RMA_Website.pdf&#8220; link_option_url_new_window=&#8220;on&#8220; global_colors_info=&#8220;{}&#8220; custom_padding__hover=&#8220;|||&#8220;][et_pb_image src=&#8220;https:\/\/rma-tsk.de\/wp-content\/uploads\/2021\/11\/young-man-working-warehouse-with-boxes-scaled.jpg&#8220; title_text=&#8220;Young man working at a warehouse with boxes&#8220; _builder_version=&#8220;4.19.5&#8243; _module_preset=&#8220;default&#8220; custom_margin=&#8220;||0px||false|false&#8220; global_colors_info=&#8220;{}&#8220;][\/et_pb_image][et_pb_toggle title=&#8220;Ausbildung Industriekaufmann (m\/w\/d)&#8220; icon_color=&#8220;RGBA(0,0,0,0)&#8220; open_icon_color=&#8220;RGBA(0,0,0,0)&#8220; _builder_version=&#8220;4.19.5&#8243; _module_preset=&#8220;default&#8220; title_font_size=&#8220;15px&#8220; global_colors_info=&#8220;{}&#8220;][\/et_pb_toggle][\/et_pb_column][et_pb_column type=&#8220;1_4&#8243; _builder_version=&#8220;4.19.5&#8243; custom_padding=&#8220;|||&#8220; link_option_url=&#8220;https:\/\/rma-tsk.de\/wp-content\/uploads\/2023\/02\/Stellenanzeige_VerfahrensmechanikerAzubi_RMA_Website.pdf&#8220; link_option_url_new_window=&#8220;on&#8220; global_colors_info=&#8220;{}&#8220; custom_padding__hover=&#8220;|||&#8220;][et_pb_image src=&#8220;https:\/\/rma-tsk.de\/wp-content\/uploads\/2021\/11\/thisisengineering-raeng-bIltCMXIwRE-unsplash-scaled.jpg&#8220; title_text=&#8220;thisisengineering-raeng-bIltCMXIwRE-unsplash&#8220; _builder_version=&#8220;4.19.2&#8243; _module_preset=&#8220;default&#8220; custom_margin=&#8220;||0px||false|false&#8220; global_colors_info=&#8220;{}&#8220;][\/et_pb_image][et_pb_toggle title=&#8220;Ausbildung Verfahrensmechaniker (m\/w\/d)&#8220; icon_color=&#8220;RGBA(0,0,0,0)&#8220; open_icon_color=&#8220;RGBA(0,0,0,0)&#8220; _builder_version=&#8220;4.19.5&#8243; _module_preset=&#8220;default&#8220; title_font_size=&#8220;15px&#8220; title_line_height=&#8220;1.2em&#8220; global_colors_info=&#8220;{}&#8220;][\/et_pb_toggle][\/et_pb_column][et_pb_column type=&#8220;1_4&#8243; _builder_version=&#8220;4.19.5&#8243; custom_padding=&#8220;|||&#8220; link_option_url=&#8220;https:\/\/rma-tsk.de\/wp-content\/uploads\/2023\/02\/Stellenanzeige_Bilanzbuchhalter_RMA_Website.pdf&#8220; link_option_url_new_window=&#8220;on&#8220; global_colors_info=&#8220;{}&#8220; custom_padding__hover=&#8220;|||&#8220;][et_pb_image src=&#8220;https:\/\/rma-tsk.de\/wp-content\/uploads\/2021\/11\/headway-5QgIuuBxKwM-unsplash-scaled.jpg&#8220; title_text=&#8220;headway-5QgIuuBxKwM-unsplash&#8220; _builder_version=&#8220;4.19.2&#8243; _module_preset=&#8220;default&#8220; custom_margin=&#8220;||0px||false|false&#8220; hover_enabled=&#8220;0&#8243; global_colors_info=&#8220;{}&#8220; sticky_enabled=&#8220;0&#8243;][\/et_pb_image][et_pb_toggle title=&#8220;Sachbearbeiter Finanzbuchhaltung (m\/w\/d)&#8220; icon_color=&#8220;RGBA(0,0,0,0)&#8220; open_icon_color=&#8220;RGBA(0,0,0,0)&#8220; _builder_version=&#8220;4.23.2&#8243; _module_preset=&#8220;default&#8220; title_font_size=&#8220;15px&#8220; hover_enabled=&#8220;0&#8243; global_colors_info=&#8220;{}&#8220; sticky_enabled=&#8220;0&#8243;][\/et_pb_toggle][\/et_pb_column][et_pb_column type=&#8220;1_4&#8243; _builder_version=&#8220;4.19.5&#8243; custom_padding=&#8220;|||&#8220; link_option_url=&#8220;https:\/\/rma-tsk.de\/wp-content\/uploads\/2023\/02\/Stellenanzeige_SachbearbeiterQS_RMA_Website.pdf&#8220; link_option_url_new_window=&#8220;on&#8220; global_colors_info=&#8220;{}&#8220; custom_padding__hover=&#8220;|||&#8220;][et_pb_image src=&#8220;https:\/\/rma-tsk.de\/wp-content\/uploads\/2023\/02\/clerk-in-office-working-remotely-through-laptop-2022-09-06-04-17-43-utc-scaled.jpg&#8220; title_text=&#8220;Clerk in office working remotely through laptop&#8220; _builder_version=&#8220;4.19.5&#8243; _module_preset=&#8220;default&#8220; custom_margin=&#8220;||0px||false|false&#8220; global_colors_info=&#8220;{}&#8220;][\/et_pb_image][et_pb_toggle title=&#8220;Sachbearbeiter Qualit\u00e4tsmanagement (m\/w\/d)&#8220; icon_color=&#8220;RGBA(0,0,0,0)&#8220; open_icon_color=&#8220;RGBA(0,0,0,0)&#8220; _builder_version=&#8220;4.19.5&#8243; _module_preset=&#8220;default&#8220; title_font_size=&#8220;15px&#8220; global_colors_info=&#8220;{}&#8220;][\/et_pb_toggle][\/et_pb_column][\/et_pb_row][et_pb_row _builder_version=&#8220;4.16&#8243; custom_padding=&#8220;|0px||0px|false|false&#8220; global_colors_info=&#8220;{}&#8220;][et_pb_column type=&#8220;4_4&#8243; _builder_version=&#8220;4.16&#8243; custom_padding=&#8220;|||&#8220; global_colors_info=&#8220;{}&#8220; custom_padding__hover=&#8220;|||&#8220;][et_pb_text _builder_version=&#8220;4.16&#8243; text_font=&#8220;||||||||&#8220; header_font=&#8220;|700||on|||||&#8220; header_text_color=&#8220;#000000&#8243; header_line_height=&#8220;1.2em&#8220; header_2_font=&#8220;|700||on|||||&#8220; header_2_text_align=&#8220;center&#8220; header_2_font_size=&#8220;55px&#8220; custom_margin=&#8220;||0px|||&#8220; custom_padding=&#8220;|||5px|false|false&#8220; header_font_size_tablet=&#8220;&#8220; header_font_size_phone=&#8220;25px&#8220; header_font_size_last_edited=&#8220;on|phone&#8220; border_color_all=&#8220;#ad007c&#8220; locked=&#8220;off&#8220; global_colors_info=&#8220;{}&#8220;]<\/p>\n<h2>Apply now<\/h2>\n<p>[\/et_pb_text][et_pb_button button_url=&#8220;mailto:rma-tsk@t-online.de&#8220; button_text=&#8220;Bewerbung abgeben&#8220; _builder_version=&#8220;4.19.5&#8243; button_font=&#8220;|||on|||||&#8220; custom_margin=&#8220;||&#8220; custom_padding=&#8220;17px|30px|17px|30px|true|true&#8220; global_colors_info=&#8220;{}&#8220;][\/et_pb_button][\/et_pb_column][\/et_pb_row][\/et_pb_section]<\/p>","protected":false},"excerpt":{"rendered":"<p>KarriereArbeiten bei RMA -TSKWerde Teil des RMA -TSK TeamsAls verantwortungsbewusster Industriebetrieb bieten wir unseren ausgew\u00e4hlten Bewerbern ein Praktikum hier in unserer Niederlassung in S\u00f6mmerda.\u00a0 Falls Weiterbildungsbedarf entstehen sollte, z\u00f6gern wir nicht f\u00fcr die Weiterbildung finanziell aufzukommen. Im Falle eines m\u00fchsamen Arbeitswegs, k\u00f6nnen wir g\u00fcnstig Betriebswohnungen zur Verf\u00fcgung stellen. Au\u00dferdem bieten wir auf Wunsch auch eine [&hellip;]<\/p>","protected":false},"author":2,"featured_media":0,"parent":0,"menu_order":0,"comment_status":"closed","ping_status":"closed","template":"","meta":{"_et_pb_use_builder":"on","_et_pb_old_content":"<!-- wp:divi\/placeholder \/-->","_et_gb_content_width":"","footnotes":""},"class_list":["post-49970","page","type-page","status-publish","hentry"],"_links":{"self":[{"href":"https:\/\/rma-tsk.de\/en\/wp-json\/wp\/v2\/pages\/49970","targetHints":{"allow":["GET"]}}],"collection":[{"href":"https:\/\/rma-tsk.de\/en\/wp-json\/wp\/v2\/pages"}],"about":[{"href":"https:\/\/rma-tsk.de\/en\/wp-json\/wp\/v2\/types\/page"}],"author":[{"embeddable":true,"href":"https:\/\/rma-tsk.de\/en\/wp-json\/wp\/v2\/users\/2"}],"replies":[{"embeddable":true,"href":"https:\/\/rma-tsk.de\/en\/wp-json\/wp\/v2\/comments?post=49970"}],"version-history":[{"count":46,"href":"https:\/\/rma-tsk.de\/en\/wp-json\/wp\/v2\/pages\/49970\/revisions"}],"predecessor-version":[{"id":50873,"href":"https:\/\/rma-tsk.de\/en\/wp-json\/wp\/v2\/pages\/49970\/revisions\/50873"}],"wp:attachment":[{"href":"https:\/\/rma-tsk.de\/en\/wp-json\/wp\/v2\/media?parent=49970"}],"curies":[{"name":"wp","href":"https:\/\/api.w.org\/{rel}","templated":true}]}}